{"id":5859,"date":"2024-07-12T08:19:34","date_gmt":"2024-07-12T00:19:34","guid":{"rendered":"https:\/\/lodpol.com\/?page_id=5859"},"modified":"2025-05-28T15:40:14","modified_gmt":"2025-05-28T07:40:14","slug":"ocean-freight-volume-calculator","status":"publish","type":"page","link":"https:\/\/lodpol.com\/en\/support\/toolbox\/ocean-freight-volume-calculator\/","title":{"rendered":"Ocean Freight Volume Calculator"},"content":{"rendered":"<div data-elementor-type=\"wp-page\" data-elementor-id=\"5859\" class=\"elementor elementor-5859\" data-elementor-post-type=\"page\">\n\t\t\t\t<div class=\"elementor-element elementor-element-3767955 e-flex e-con-boxed e-con e-parent\" data-id=\"3767955\" data-element_type=\"container\">\n\t\t\t\t\t<div class=\"e-con-inner\">\n\t\t<div class=\"elementor-element elementor-element-2269c80 e-con-full e-flex e-con e-child\" data-id=\"2269c80\" data-element_type=\"container\">\n\t\t\t\t<div class=\"elementor-element elementor-element-2e17e27 elementor-nav-menu__text-align-aside elementor-widget elementor-widget-nav-menu\" data-id=\"2e17e27\" data-element_type=\"widget\" data-settings=\"{&quot;layout&quot;:&quot;dropdown&quot;,&quot;submenu_icon&quot;:{&quot;value&quot;:&quot;&lt;svg aria-hidden=\\&quot;true\\&quot; class=\\&quot;e-font-icon-svg e-fas-caret-down\\&quot; viewBox=\\&quot;0 0 320 512\\&quot; xmlns=\\&quot;http:\\\/\\\/www.w3.org\\\/2000\\\/svg\\&quot;&gt;&lt;path d=\\&quot;M31.3 192h257.3c17.8 0 26.7 21.5 14.1 34.1L174.1 354.8c-7.8 7.8-20.5 7.8-28.3 0L17.2 226.1C4.6 213.5 13.5 192 31.3 192z\\&quot;&gt;&lt;\\\/path&gt;&lt;\\\/svg&gt;&quot;,&quot;library&quot;:&quot;fa-solid&quot;}}\" data-widget_type=\"nav-menu.default\">\n\t\t\t\t\t\t\t\t<nav class=\"elementor-nav-menu--dropdown elementor-nav-menu__container\" aria-hidden=\"true\">\n\t\t\t\t<ul id=\"menu-2-2e17e27\" class=\"elementor-nav-menu\"><li class=\"menu-item menu-item-type-post_type menu-item-object-page menu-item-has-children menu-item-6041\"><a href=\"https:\/\/lodpol.com\/en\/support\/toolbox\/\" class=\"elementor-item\" tabindex=\"-1\">Toolbox<\/a>\n<ul class=\"sub-menu elementor-nav-menu--dropdown\">\n\t<li class=\"menu-item menu-item-type-post_type menu-item-object-page menu-item-6040\"><a href=\"https:\/\/lodpol.com\/en\/support\/toolbox\/ocean-freight-volume-calculator\/\" class=\"elementor-sub-item\" tabindex=\"-1\">Ocean Freight Volume Calculator<\/a><\/li>\n\t<li class=\"menu-item menu-item-type-post_type menu-item-object-page menu-item-6331\"><a href=\"https:\/\/lodpol.com\/en\/support\/toolbox\/air-freight-volume-weight-calculator\/\" class=\"elementor-sub-item\" tabindex=\"-1\">Air Freight Volumetric Weight Calculator<\/a><\/li>\n\t<li class=\"menu-item menu-item-type-post_type menu-item-object-page menu-item-6251\"><a href=\"https:\/\/lodpol.com\/en\/support\/toolbox\/conversion-calculator\/\" class=\"elementor-sub-item\" tabindex=\"-1\">Conversion Calculator<\/a><\/li>\n<\/ul>\n<\/li>\n<li class=\"menu-item menu-item-type-post_type menu-item-object-page menu-item-6039\"><a href=\"https:\/\/lodpol.com\/en\/support\/material-introduction\/\" class=\"elementor-item\" tabindex=\"-1\">Material Introduction<\/a><\/li>\n<li class=\"menu-item menu-item-type-post_type menu-item-object-page menu-item-6038\"><a href=\"https:\/\/lodpol.com\/en\/support\/q-and-a\/\" class=\"elementor-item\" tabindex=\"-1\">Q &amp; A<\/a><\/li>\n<li class=\"menu-item menu-item-type-post_type menu-item-object-page menu-item-6044\"><a href=\"https:\/\/lodpol.com\/en\/support\/download\/\" class=\"elementor-item\" tabindex=\"-1\">Download<\/a><\/li>\n<\/ul>\t\t\t<\/nav>\n\t\t\t\t\t\t<\/div>\n\t\t\t\t<\/div>\n\t\t<div class=\"elementor-element elementor-element-259f185 e-con-full e-flex e-con e-child\" data-id=\"259f185\" data-element_type=\"container\">\n\t\t\t\t<div class=\"elementor-element elementor-element-13282cb elementor-widget elementor-widget-heading\" data-id=\"13282cb\" data-element_type=\"widget\" data-widget_type=\"heading.default\">\n\t\t\t\t\t<h2 class=\"elementor-heading-title elementor-size-default\">Ocean Freight Volume Calculator<\/h2>\t\t\t\t<\/div>\n\t\t\t\t<div class=\"elementor-element elementor-element-9214857 elementor-widget elementor-widget-text-editor\" data-id=\"9214857\" data-element_type=\"widget\" data-widget_type=\"text-editor.default\">\n\t\t\t\t\t\t\t\t\t<p>\u00a0(\u9078\u53d6\u55ae\u4f4d\u5f8c\uff0c\u8f38\u5165\u9577\u3001\u5bec\u3001\u9ad8\u53ca\u4ef6\u6578\uff0c\u4e26\u6309\u4e0b\u6309\u9215\u8a08\u7b97\u6750\u7a4d)<\/p>\t\t\t\t\t\t\t\t<\/div>\n\t\t\t\t<div class=\"elementor-element elementor-element-dbaf394 elementor-widget elementor-widget-shortcode\" data-id=\"dbaf394\" data-element_type=\"widget\" data-widget_type=\"shortcode.default\">\n\t\t\t\t\t\t\t<div class=\"elementor-shortcode\"><style>@media (max-width:480px){#cp_calculatedfieldsf_pform_1{min-height:634px;}}@media (max-width:1024px){#cp_calculatedfieldsf_pform_1{min-height:471px;}}@media (min-width:1024px){#cp_calculatedfieldsf_pform_1{min-height:475px;}}<\/style><form name=\"cp_calculatedfieldsf_pform_1\" id=\"cp_calculatedfieldsf_pform_1\" action=\"https:\/\/lodpol.com\/en\/support\/toolbox\/ocean-freight-volume-calculator\/\" method=\"post\" enctype=\"multipart\/form-data\" onsubmit=\"return fbuilderjQuery.fbuilder.doValidate(this);\" class=\"cff-form no-prefetch  cff-form-6 cp_cff_13\"  dir=\"ltr\" data-nonce=\"2d9022d7a9\" data-trp-original-action=\"https:\/\/lodpol.com\/en\/support\/toolbox\/ocean-freight-volume-calculator\/\">\n<input type=\"hidden\" name=\"cp_calculatedfieldsf_pform_psequence\" value=\"_1\" \/>\n<input type=\"hidden\" name=\"cp_calculatedfieldsf_id\" value=\"6\" \/>\n<input type=\"hidden\" name=\"cp_ref_page\" value=\"https:\/\/lodpol.com\" \/>\n<pre style=\"display:none !important;\"><script data-jetpack-boost=\"ignore\" data-jetpack-boost=\"ignore\" data-category=\"functional\" type=\"text\/javascript\">form_structure_1=[[{\"form_identifier\":\"\",\"name\":\"fieldname10\",\"fieldlayout\":\"default\",\"shortlabel\":\"\",\"index\":0,\"ftype\":\"fdropdown\",\"userhelp\":\"\",\"audiotutorial\":\"\",\"userhelpTooltip\":false,\"tooltipIcon\":false,\"csslayout\":\"\",\"hidefield\":false,\"advanced\":{\"css\":{\"container\":{\"label\":\"Field container div tag\",\"rules\":{}},\"label\":{\"label\":\"Field label\",\"rules\":{}},\"input\":{\"label\":\"Input tag\",\"rules\":{}},\"help\":{\"label\":\"Instructions for users\",\"rules\":{}},\"dropdown\":{\"label\":\"Dropdown\",\"rules\":{}}}},\"title\":\"\\u8ca8\\u7269\\u6e2c\\u91cf\\u55ae\\u4f4d\",\"size\":\"medium\",\"required\":false,\"exclude\":false,\"accept_html\":false,\"toSubmit\":\"text\",\"merge\":0,\"choiceSelected\":\"\",\"select2\":false,\"multiple\":false,\"first_choice\":false,\"first_choice_text\":\"\",\"vChoices\":1,\"showDep\":false,\"choices\":[\"\\u516c\\u5206\",\"\\u82f1\\u540b\"],\"optgroup\":[false,false],\"choicesVal\":[\"cm\",\"inch\"],\"choicesDep\":[[],[]],\"fBuild\":{},\"parent\":\"\"},{\"form_identifier\":\"\",\"name\":\"fieldname5\",\"fieldlayout\":\"default\",\"shortlabel\":\"\",\"index\":1,\"ftype\":\"fdiv\",\"userhelp\":\"\",\"audiotutorial\":\"\",\"userhelpTooltip\":false,\"tooltipIcon\":false,\"csslayout\":\"\",\"hidefield\":false,\"advanced\":{\"css\":{\"container\":{\"label\":\"Field container div tag\",\"rules\":{}},\"label\":{\"label\":\"Field label\",\"rules\":{}},\"input\":{\"label\":\"Input tag\",\"rules\":{}},\"help\":{\"label\":\"Instructions for users\",\"rules\":{}}}},\"fields\":[\"fieldname6\",\"fieldname7\",\"fieldname2\",\"fieldname8\"],\"columns\":\"2\",\"align\":\"top\",\"rearrange\":0,\"title\":\"div\",\"_developerNotes\":\"\",\"collapsed\":false,\"fBuild\":{},\"parent\":\"\"},{\"form_identifier\":\"\",\"name\":\"fieldname6\",\"fieldlayout\":\"default\",\"shortlabel\":\"\",\"index\":2,\"ftype\":\"fnumber\",\"userhelp\":\"\",\"audiotutorial\":\"\",\"userhelpTooltip\":false,\"tooltipIcon\":false,\"csslayout\":\"\",\"hidefield\":false,\"advanced\":{\"css\":{\"container\":{\"label\":\"Field container div tag\",\"rules\":{}},\"label\":{\"label\":\"Field label\",\"rules\":{}},\"input\":{\"label\":\"Input tag\",\"rules\":{}},\"help\":{\"label\":\"Instructions for users\",\"rules\":{}},\"spinner_left\":{\"label\":\"Left spinner\",\"rules\":{}},\"spinner_right\":{\"label\":\"Right spinner\",\"rules\":{}}}},\"title\":\"\\u9577\\u5ea6\",\"predefined\":\"\",\"predefinedClick\":false,\"required\":false,\"exclude\":false,\"readonly\":false,\"numberpad\":false,\"spinner\":false,\"size\":\"large\",\"prefix\":\"\",\"postfix\":\"\",\"thousandSeparator\":\"\",\"decimalSymbol\":\".\",\"min\":\"\",\"max\":\"\",\"step\":\"\",\"formatDynamically\":false,\"twoDecimals\":false,\"dformat\":\"number\",\"formats\":[\"digits\",\"number\",\"percent\"],\"fBuild\":{},\"parent\":\"fieldname5\"},{\"form_identifier\":\"\",\"name\":\"fieldname4\",\"fieldlayout\":\"default\",\"shortlabel\":\"\",\"index\":3,\"ftype\":\"fButton\",\"userhelp\":\"\",\"audiotutorial\":\"\",\"userhelpTooltip\":false,\"tooltipIcon\":false,\"csslayout\":\"\",\"hidefield\":false,\"advanced\":{\"css\":{\"container\":{\"label\":\"Field container div tag\",\"rules\":{}},\"label\":{\"label\":\"Field label\",\"rules\":{}},\"input\":{\"label\":\"Input tag\",\"rules\":{}},\"help\":{\"label\":\"Instructions for users\",\"rules\":{}},\"button\":{\"label\":\"Button\",\"rules\":{}},\"button_hover\":{\"label\":\"Button hover\",\"rules\":{}}}},\"sType\":\"calculate\",\"sValue\":\"\\u8a08\\u7b97\",\"sOnclick\":\"\",\"sOnmousedown\":\"\",\"sLoading\":true,\"sMultipage\":false,\"fBuild\":{},\"parent\":\"\"},{\"dependencies\":[{\"rule\":\"\",\"complex\":false,\"fields\":[\"\"]}],\"form_identifier\":\"\",\"name\":\"fieldname3\",\"fieldlayout\":\"default\",\"shortlabel\":\"\",\"index\":4,\"ftype\":\"fCalculated\",\"userhelp\":\"\",\"audiotutorial\":\"\",\"userhelpTooltip\":false,\"tooltipIcon\":false,\"csslayout\":\"\",\"hidefield\":false,\"advanced\":{\"css\":{\"container\":{\"label\":\"Field container div tag\",\"rules\":{}},\"label\":{\"label\":\"Field label\",\"rules\":{}},\"input\":{\"label\":\"Calculated field\",\"rules\":{}},\"help\":{\"label\":\"Instructions for users\",\"rules\":{}}}},\"title\":\"Cuft(\\u6750)\",\"_developerNotes\":\"\",\"predefined\":\"\",\"required\":false,\"exclude\":false,\"accept_html\":false,\"size\":\"large\",\"eq\":\"(function(){\\n    if(fieldname10 === \\u0022cm\\u0022){\\n        ans = PREC((fieldname6*fieldname7*fieldname2\\\/1000000*35.315)*fieldname8,2);\\n        if(ans\\u003C0){\\n \\u00a0 \\u00a0 \\u00a0 \\u00a0    ans = 0;\\n        }\\\/*else if(ans===0 || ans\\u003C1){\\n            ans = 1;\\n        }*\\\/\\n        return ans\\n    }\\n    else if(fieldname10 === \\u0022inch\\u0022){\\n        ans = PREC((fieldname6*fieldname7*fieldname2\\\/1728)*fieldname8,2);\\n        if(ans\\u003C0){\\n \\u00a0 \\u00a0 \\u00a0 \\u00a0    ans = 0;\\n        }\\\/*else if(ans===0 || ans\\u003C1){\\n            ans = 1;\\n        }*\\\/\\n        return ans\\n    }\\n})()\",\"min\":\"\",\"max\":\"\",\"suffix\":\"\",\"prefix\":\"\",\"decimalsymbol\":\".\",\"groupingsymbol\":\"\",\"readonly\":true,\"currency\":false,\"noEvalIfManual\":true,\"formatDynamically\":false,\"dynamicEval\":false,\"validate\":false,\"fBuild\":{},\"parent\":\"\"},{\"dependencies\":[{\"rule\":\"\",\"complex\":false,\"fields\":[\"\"]}],\"form_identifier\":\"\",\"name\":\"fieldname9\",\"fieldlayout\":\"default\",\"shortlabel\":\"\",\"index\":5,\"ftype\":\"fCalculated\",\"userhelp\":\"\",\"audiotutorial\":\"\",\"userhelpTooltip\":false,\"tooltipIcon\":false,\"csslayout\":\"\",\"hidefield\":false,\"advanced\":{\"css\":{\"container\":{\"label\":\"Field container div tag\",\"rules\":{}},\"label\":{\"label\":\"Field label\",\"rules\":{}},\"input\":{\"label\":\"Calculated field\",\"rules\":{}},\"help\":{\"label\":\"Instructions for users\",\"rules\":{}}}},\"title\":\"CBM(\\u7acb\\u65b9\\u7c73)\",\"_developerNotes\":\"\",\"predefined\":\"\",\"required\":false,\"exclude\":false,\"accept_html\":false,\"size\":\"large\",\"eq\":\"(function(){\\n    if(fieldname10 === \\u0022cm\\u0022){\\n        ans = PREC((fieldname6*fieldname7*fieldname2\\\/1000000)*fieldname8,2);\\n        if(ans\\u003C0){\\n \\u00a0 \\u00a0 \\u00a0 \\u00a0    ans = 0;\\n        }\\\/*else if(ans===0 || ans\\u003C1){\\n            ans = 1;\\n        }*\\\/\\n        return ans\\n    }\\n    else if(fieldname10 === \\u0022inch\\u0022){\\n        ans = PREC((fieldname6*fieldname7*fieldname2\\\/1728\\\/35.315)*fieldname8,2);\\n        if(ans\\u003C0){\\n \\u00a0 \\u00a0 \\u00a0 \\u00a0    ans = 0;\\n        }\\\/*else if(ans===0 || ans\\u003C1){\\n            ans = 1;\\n        }*\\\/\\n        return ans\\n    }\\n})()\",\"min\":\"\",\"max\":\"\",\"suffix\":\"\",\"prefix\":\"\",\"decimalsymbol\":\".\",\"groupingsymbol\":\"\",\"readonly\":true,\"currency\":false,\"noEvalIfManual\":true,\"formatDynamically\":false,\"dynamicEval\":false,\"validate\":false,\"fBuild\":{},\"parent\":\"\"},{\"form_identifier\":\"\",\"name\":\"fieldname7\",\"fieldlayout\":\"default\",\"shortlabel\":\"\",\"index\":6,\"ftype\":\"fnumber\",\"userhelp\":\"\",\"audiotutorial\":\"\",\"userhelpTooltip\":false,\"tooltipIcon\":false,\"csslayout\":\"\",\"hidefield\":false,\"advanced\":{\"css\":{\"container\":{\"label\":\"Field container div tag\",\"rules\":{}},\"label\":{\"label\":\"Field label\",\"rules\":{}},\"input\":{\"label\":\"Input tag\",\"rules\":{}},\"help\":{\"label\":\"Instructions for users\",\"rules\":{}},\"spinner_left\":{\"label\":\"Left spinner\",\"rules\":{}},\"spinner_right\":{\"label\":\"Right spinner\",\"rules\":{}}}},\"title\":\"\\u5bec\\u5ea6\",\"predefined\":\"\",\"predefinedClick\":false,\"required\":false,\"exclude\":false,\"readonly\":false,\"numberpad\":false,\"spinner\":false,\"size\":\"large\",\"prefix\":\"\",\"postfix\":\"\",\"thousandSeparator\":\"\",\"decimalSymbol\":\".\",\"min\":\"\",\"max\":\"\",\"step\":\"\",\"formatDynamically\":false,\"twoDecimals\":false,\"dformat\":\"number\",\"formats\":[\"digits\",\"number\",\"percent\"],\"fBuild\":{},\"parent\":\"fieldname5\"},{\"form_identifier\":\"\",\"name\":\"fieldname2\",\"fieldlayout\":\"default\",\"shortlabel\":\"\",\"index\":7,\"ftype\":\"fnumber\",\"userhelp\":\"\",\"audiotutorial\":\"\",\"userhelpTooltip\":false,\"tooltipIcon\":false,\"csslayout\":\"\",\"hidefield\":false,\"advanced\":{\"css\":{\"container\":{\"label\":\"Field container div tag\",\"rules\":{}},\"label\":{\"label\":\"Field label\",\"rules\":{}},\"input\":{\"label\":\"Input tag\",\"rules\":{}},\"help\":{\"label\":\"Instructions for users\",\"rules\":{}},\"spinner_left\":{\"label\":\"Left spinner\",\"rules\":{}},\"spinner_right\":{\"label\":\"Right spinner\",\"rules\":{}}}},\"title\":\"\\u9ad8\\u5ea6\",\"predefined\":\"\",\"predefinedClick\":false,\"required\":false,\"exclude\":false,\"readonly\":false,\"numberpad\":false,\"spinner\":false,\"size\":\"large\",\"prefix\":\"\",\"postfix\":\"\",\"thousandSeparator\":\"\",\"decimalSymbol\":\".\",\"min\":\"\",\"max\":\"\",\"step\":\"\",\"formatDynamically\":false,\"twoDecimals\":false,\"dformat\":\"number\",\"formats\":[\"digits\",\"number\",\"percent\"],\"fBuild\":{},\"parent\":\"fieldname5\"},{\"form_identifier\":\"\",\"name\":\"fieldname8\",\"fieldlayout\":\"default\",\"shortlabel\":\"\",\"index\":8,\"ftype\":\"fnumber\",\"userhelp\":\"\",\"audiotutorial\":\"\",\"userhelpTooltip\":false,\"tooltipIcon\":false,\"csslayout\":\"\",\"hidefield\":false,\"advanced\":{\"css\":{\"container\":{\"label\":\"Field container div tag\",\"rules\":{}},\"label\":{\"label\":\"Field label\",\"rules\":{}},\"input\":{\"label\":\"Input tag\",\"rules\":{}},\"help\":{\"label\":\"Instructions for users\",\"rules\":{}},\"spinner_left\":{\"label\":\"Left spinner\",\"rules\":{}},\"spinner_right\":{\"label\":\"Right spinner\",\"rules\":{}}}},\"title\":\"\\u4ef6\\u6578\",\"predefined\":\"\",\"predefinedClick\":false,\"required\":false,\"exclude\":false,\"readonly\":false,\"numberpad\":false,\"spinner\":false,\"size\":\"large\",\"prefix\":\"\",\"postfix\":\"\",\"thousandSeparator\":\"\",\"decimalSymbol\":\".\",\"min\":\"\",\"max\":\"\",\"step\":\"\",\"formatDynamically\":false,\"twoDecimals\":false,\"dformat\":\"digits\",\"formats\":[\"digits\",\"number\",\"percent\"],\"fBuild\":{},\"parent\":\"fieldname5\"}],{\"0\":{\"title\":\"\",\"titletag\":\"H2\",\"textalign\":\"default\",\"headertextcolor\":\"\",\"description\":\"\",\"formlayout\":\"top_aligned\",\"formtemplate\":\"cp_cff_13\",\"evalequations\":1,\"evalequations_delay\":0,\"evalequationsevent\":2,\"direction\":\"ltr\",\"loading_animation\":0,\"autocomplete\":1,\"persistence\":0,\"animate_form\":0,\"animation_effect\":\"fade\",\"customstyles\":\"\",\"advanced\":{\"css\":{\"title\":{\"label\":\"Form title\",\"rules\":{}},\"description\":{\"label\":\"Form description\",\"rules\":{}},\"form\":{\"label\":\"Form area\",\"rules\":{}},\"buttons\":{\"label\":\"Form context buttons (Next page, Previous page, Submit)\",\"rules\":{}},\"buttons_hover\":{\"label\":\"Form context buttons hover\",\"rules\":{}}}},\"request_cost\":null},\"formid\":\"cp_calculatedfieldsf_pform_1\"}];<\/script><\/pre>\n<div id=\"fbuilder\">\n\t\t<div id=\"fbuilder_1\">\n\t\t<div id=\"formheader_1\"><\/div>\n\t\t<div id=\"fieldlist_1\"><\/div>\n\t\t<div class=\"clearer\"><\/div>\n\t<\/div>\n<\/div>\n\t<div class=\"clearer\"><\/div>\n\t<input type=\"hidden\" id=\"_cpcff_public_nonce\" name=\"_cpcff_public_nonce\" value=\"b9603d30a7\" \/><input type=\"hidden\" name=\"_wp_http_referer\" value=\"\/en\/wp-json\/wp\/v2\/pages\/5859\" \/><input type=\"hidden\" name=\"trp-form-language\" value=\"en\"\/><\/form>\n\t<\/div>\n\t\t\t\t\t\t<\/div>\n\t\t\t\t<div class=\"elementor-element elementor-element-1213c19 elementor-widget-divider--view-line elementor-widget elementor-widget-divider\" data-id=\"1213c19\" data-element_type=\"widget\" data-widget_type=\"divider.default\">\n\t\t\t\t\t\t\t<div class=\"elementor-divider\">\n\t\t\t<span class=\"elementor-divider-separator\">\n\t\t\t\t\t\t<\/span>\n\t\t<\/div>\n\t\t\t\t\t\t<\/div>\n\t\t\t\t<div class=\"elementor-element elementor-element-c7d2116 elementor-widget elementor-widget-text-editor\" data-id=\"c7d2116\" data-element_type=\"widget\" data-widget_type=\"text-editor.default\">\n\t\t\t\t\t\t\t\t\t<p>\u6750\u7a4d(Cubic Feet, Cuft)\u6216\u9ad4\u7a4d\u7acb\u65b9\u7c73(Cubic Meter, CBM)\u8a08\u7b97\u65b9\u5f0f\u70ba\u8ca8\u7269\u7684\u9577\u3001\u5bec\u3001\u9ad8\u76f8\u4e58\uff0c\u6700\u5f8c\u518d\u4e58\u4ee5\u4ef6\u6578\u5373\u53ef\u5f97\u4e4b\u3002<\/p><p>\u00a0<\/p><p style=\"padding-left: 40px;\">\u25ca\u82e5\u8ca8\u7269\u6e2c\u91cf\u5c3a\u5bf8\u70ba\u82f1\u540b\u6642:<\/p><p style=\"padding-left: 80px;\">Cuft = (\u9577 \u00d7 \u5bec \u00d7 \u9ad8 \u00f7 1728) \u00d7 \u4ef6\u6578<\/p><p style=\"padding-left: 80px;\">CBM = (\u9577 \u00d7 \u5bec \u00d7 \u9ad8 \u00f7 1728 \u00f7 35.315) \u00d7 \u4ef6\u6578<\/p><p>\u00a0<\/p><p style=\"padding-left: 40px;\">\u25ca\u82e5\u8ca8\u7269\u6e2c\u91cf\u5c3a\u5bf8\u70ba\u516c\u5206\u6642:<\/p><p style=\"padding-left: 80px;\">Cuft = (\u9577 \u00d7 \u5bec \u00d7 \u9ad8 \u00f7 1000000 \u00d7 35.315) \u00d7 \u4ef6\u6578<\/p><p style=\"padding-left: 80px;\">CBM = (\u9577 \u00d7 \u5bec \u00d7 \u9ad8 \u00f7 1000000) \u00d7 \u4ef6\u6578<\/p><p>\u00a0<\/p><p>\u6d77\u904b\u904b\u8cbb\u901a\u5e38\u4ee5\u8ca8\u7269\u7684\u9ad4\u7a4d(\u7acb\u65b9\u7c73\uff0c CBM)\u548c\u6bdb\u91cd\u91cf(\u516c\u5678\uff0cton)\u9032\u884c\u6bd4\u8f03\uff0c\u53d6\u8f03\u5927\u8005\u4f5c\u70ba\u8a08\u7b97\u904b\u8cbb\u7684\u57fa\u6e96<span style=\"font-family: inherit; font-size: inherit; font-style: inherit; font-variant-ligatures: inherit; font-variant-caps: inherit; font-weight: inherit; text-wrap-mode: initial;\">\u3002\u8209\u4f8b\u8aaa\u660e\uff0c\u82e5\u8ca8\u7269\u6750\u7a4d\u70ba1.44 CBM\uff0c\u6bdb\u91cd\u91cf\u70ba200 kg\uff0c\u5247\u4ee51.44 CBM\u4f5c\u70ba\u904b\u8cbb\u8a08\u7b97\u57fa\u6e96\uff08\u56e0\u70ba1.44 &gt; 0.2\uff09\u3002<\/span><\/p><p>\u00a0<\/p><p style=\"text-align: left;\"><span style=\"font-family: inherit; font-size: inherit; font-style: inherit; font-variant-ligatures: inherit; font-variant-caps: inherit; font-weight: inherit; text-wrap-mode: initial;\">\u00ab\u8a3b: \u6bdb\u91cd\u91cf(Gross Weight, G. W. )\u662f\u6307\u8ca8\u7269\u9023\u540c\u5176\u5305\u88c5\u5728\u5167\u7684\u7e3d\u91cd\u91cf\uff0c\u5373\u5be6\u969b\u91cd\u91cf\u00bb<\/span><\/p>\t\t\t\t\t\t\t\t<\/div>\n\t\t\t\t<div class=\"elementor-element elementor-element-41da167 elementor-widget-divider--view-line elementor-widget elementor-widget-divider\" data-id=\"41da167\" data-element_type=\"widget\" data-widget_type=\"divider.default\">\n\t\t\t\t\t\t\t<div class=\"elementor-divider\">\n\t\t\t<span class=\"elementor-divider-separator\">\n\t\t\t\t\t\t<\/span>\n\t\t<\/div>\n\t\t\t\t\t\t<\/div>\n\t\t\t\t<div class=\"elementor-element elementor-element-5c577d5 elementor-widget elementor-widget-heading\" data-id=\"5c577d5\" data-element_type=\"widget\" data-widget_type=\"heading.default\">\n\t\t\t\t\t<h3 class=\"elementor-heading-title elementor-size-default\">*\u4e0a\u8ff0\u8a08\u7b97\u6210\u679c\u50c5\u4f9b\u53c3\u8003<\/h3>\t\t\t\t<\/div>\n\t\t\t\t<\/div>\n\t\t<div class=\"elementor-element elementor-element-562d262 e-con-full e-flex e-con e-child\" data-id=\"562d262\" data-element_type=\"container\">\n\t\t\t\t<\/div>\n\t\t\t\t\t<\/div>\n\t\t\t\t<\/div>\n\t\t\t\t<\/div>","protected":false},"excerpt":{"rendered":"<p>\u6d77\u904b\u6750\u7a4d\u8a08\u7b97 \u00a0(\u9078\u53d6\u55ae\u4f4d\u5f8c\uff0c\u8f38\u5165\u9577\u3001\u5bec\u3001\u9ad8\u53ca\u4ef6\u6578\uff0c\u4e26\u6309\u4e0b\u6309\u9215\u8a08\u7b97\u6750\u7a4d) \u6750\u7a4d(Cubic Feet, Cuf [&hellip;]<\/p>","protected":false},"author":251974799,"featured_media":0,"parent":5857,"menu_order":0,"comment_status":"closed","ping_status":"closed","template":"","meta":{"_uag_custom_page_level_css":"","advanced_seo_description":"","jetpack_seo_html_title":"","jetpack_seo_noindex":false,"jetpack_post_was_ever_published":false,"footnotes":""},"class_list":["post-5859","page","type-page","status-publish","hentry"],"blocksy_meta":[],"uagb_featured_image_src":{"full":false,"thumbnail":false,"medium":false,"medium_large":false,"large":false,"1536x1536":false,"2048x2048":false,"trp-custom-language-flag":false,"newspack-article-block-landscape-large":false,"newspack-article-block-portrait-large":false,"newspack-article-block-square-large":false,"newspack-article-block-landscape-medium":false,"newspack-article-block-portrait-medium":false,"newspack-article-block-square-medium":false,"newspack-article-block-landscape-intermediate":false,"newspack-article-block-portrait-intermediate":false,"newspack-article-block-square-intermediate":false,"newspack-article-block-landscape-small":false,"newspack-article-block-portrait-small":false,"newspack-article-block-square-small":false,"newspack-article-block-landscape-tiny":false,"newspack-article-block-portrait-tiny":false,"newspack-article-block-square-tiny":false,"newspack-article-block-uncropped":false,"woocommerce_archive_thumbnail":false,"menu-24x24":false,"menu-36x36":false,"menu-48x48":false,"woocommerce_thumbnail":false,"woocommerce_single":false,"woocommerce_gallery_thumbnail":false},"uagb_author_info":{"display_name":"lodpol","author_link":"https:\/\/lodpol.com\/en\/author\/lodpolwork\/"},"uagb_comment_info":0,"uagb_excerpt":"\u6d77\u904b\u6750\u7a4d\u8a08\u7b97 \u00a0(\u9078\u53d6\u55ae\u4f4d\u5f8c\uff0c\u8f38\u5165\u9577\u3001\u5bec\u3001\u9ad8\u53ca\u4ef6\u6578\uff0c\u4e26\u6309\u4e0b\u6309\u9215\u8a08\u7b97\u6750\u7a4d) \u6750\u7a4d(Cubic Feet, Cuf&hellip;","jetpack_shortlink":"https:\/\/wp.me\/PfQbwl-1wv","jetpack_sharing_enabled":true,"_links":{"self":[{"href":"https:\/\/lodpol.com\/en\/wp-json\/wp\/v2\/pages\/5859","targetHints":{"allow":["GET"]}}],"collection":[{"href":"https:\/\/lodpol.com\/en\/wp-json\/wp\/v2\/pages"}],"about":[{"href":"https:\/\/lodpol.com\/en\/wp-json\/wp\/v2\/types\/page"}],"author":[{"embeddable":true,"href":"https:\/\/lodpol.com\/en\/wp-json\/wp\/v2\/users\/251974799"}],"replies":[{"embeddable":true,"href":"https:\/\/lodpol.com\/en\/wp-json\/wp\/v2\/comments?post=5859"}],"version-history":[{"count":100,"href":"https:\/\/lodpol.com\/en\/wp-json\/wp\/v2\/pages\/5859\/revisions"}],"predecessor-version":[{"id":6891,"href":"https:\/\/lodpol.com\/en\/wp-json\/wp\/v2\/pages\/5859\/revisions\/6891"}],"up":[{"embeddable":true,"href":"https:\/\/lodpol.com\/en\/wp-json\/wp\/v2\/pages\/5857"}],"wp:attachment":[{"href":"https:\/\/lodpol.com\/en\/wp-json\/wp\/v2\/media?parent=5859"}],"curies":[{"name":"wp","href":"https:\/\/api.w.org\/{rel}","templated":true}]}}